{"id":213,"date":"2021-05-17T12:05:48","date_gmt":"2021-05-17T10:05:48","guid":{"rendered":"http:\/\/bamboogroupe-com.mon.world\/2hr\/?page_id=213"},"modified":"2021-07-28T19:35:06","modified_gmt":"2021-07-28T17:35:06","slug":"expertise","status":"publish","type":"page","link":"https:\/\/2hrinter.com\/?page_id=213","title":{"rendered":"EXPERTISE"},"content":{"rendered":"\t\t<div data-elementor-type=\"wp-page\" data-elementor-id=\"213\" class=\"elementor elementor-213\" data-elementor-settings=\"[]\">\n\t\t\t\t\t\t\t<div class=\"elementor-section-wrap\">\n\t\t\t\t\t\t\t<section class=\"elementor-section elementor-top-section elementor-element elementor-element-6d726d5 elementor-section-boxed elementor-section-height-default elementor-section-height-default\" data-id=\"6d726d5\" data-element_type=\"section\" data-settings=\"{&quot;background_background&quot;:&quot;classic&quot;}\">\n\t\t\t\t\t\t\t<div class=\"elementor-background-overlay\"><\/div>\n\t\t\t\t\t\t\t<div class=\"elementor-container elementor-column-gap-default\">\n\t\t\t\t\t<div class=\"elementor-column elementor-col-100 elementor-top-column elementor-element elementor-element-507f8c26\" data-id=\"507f8c26\" data-element_type=\"column\">\n\t\t\t<div class=\"elementor-widget-wrap elementor-element-populated\">\n\t\t\t\t\t\t\t\t<section class=\"elementor-section elementor-inner-section elementor-element elementor-element-5860a971 elementor-section-boxed elementor-section-height-default elementor-section-height-default\" data-id=\"5860a971\" data-element_type=\"section\">\n\t\t\t\t\t\t<div class=\"elementor-container elementor-column-gap-default\">\n\t\t\t\t\t<div class=\"elementor-column elementor-col-100 elementor-inner-column elementor-element elementor-element-6320e7e9\" data-id=\"6320e7e9\" data-element_type=\"column\">\n\t\t\t<div class=\"elementor-widget-wrap elementor-element-populated\">\n\t\t\t\t\t\t\t\t<div class=\"elementor-element elementor-element-36b8127 elementor-widget elementor-widget-heading\" data-id=\"36b8127\" data-element_type=\"widget\" data-widget_type=\"heading.default\">\n\t\t\t\t<div class=\"elementor-widget-container\">\n\t\t\t<h2 class=\"elementor-heading-title elementor-size-default\">PARLONS METIERS<\/h2>\t\t<\/div>\n\t\t\t\t<\/div>\n\t\t\t\t\t<\/div>\n\t\t<\/div>\n\t\t\t\t\t\t\t<\/div>\n\t\t<\/section>\n\t\t\t\t\t<\/div>\n\t\t<\/div>\n\t\t\t\t\t\t\t<\/div>\n\t\t<\/section>\n\t\t\t\t<section class=\"elementor-section elementor-top-section elementor-element elementor-element-4fc5665a elementor-section-boxed elementor-section-height-default elementor-section-height-default\" data-id=\"4fc5665a\" data-element_type=\"section\">\n\t\t\t\t\t\t<div class=\"elementor-container elementor-column-gap-default\">\n\t\t\t\t\t<div class=\"elementor-column elementor-col-100 elementor-top-column elementor-element elementor-element-66b95456\" data-id=\"66b95456\" data-element_type=\"column\">\n\t\t\t<div class=\"elementor-widget-wrap elementor-element-populated\">\n\t\t\t\t\t\t\t\t<div class=\"elementor-element elementor-element-1e98ffb elementor-widget elementor-widget-heading\" data-id=\"1e98ffb\" data-element_type=\"widget\" data-widget_type=\"heading.default\">\n\t\t\t\t<div class=\"elementor-widget-container\">\n\t\t\t<h2 class=\"elementor-heading-title elementor-size-default\">Construite Autour De Notre \u2018\u2019C\u0153ur D\u2019expertise\u2019\u2019 Qui Est La Gestion Des Ressources Humaines, 2HR Est Fort D\u2019un R\u00e9seau De Sp\u00e9cialistes De Diff\u00e9rents M\u00e9tiers <\/h2>\t\t<\/div>\n\t\t\t\t<\/div>\n\t\t\t\t\t<\/div>\n\t\t<\/div>\n\t\t\t\t\t\t\t<\/div>\n\t\t<\/section>\n\t\t\t\t<section class=\"elementor-section elementor-top-section elementor-element elementor-element-5fe8a57c elementor-section-boxed elementor-section-height-default elementor-section-height-default\" data-id=\"5fe8a57c\" data-element_type=\"section\">\n\t\t\t\t\t\t<div class=\"elementor-container elementor-column-gap-default\">\n\t\t\t\t\t<div class=\"elementor-column elementor-col-33 elementor-top-column elementor-element elementor-element-12839bf\" data-id=\"12839bf\" data-element_type=\"column\">\n\t\t\t<div class=\"elementor-widget-wrap elementor-element-populated\">\n\t\t\t\t\t\t\t\t<div class=\"elementor-element elementor-element-601f905d ekit-equal-height-disable elementor-widget elementor-widget-elementskit-image-box\" data-id=\"601f905d\" data-element_type=\"widget\" data-widget_type=\"elementskit-image-box.default\">\n\t\t\t\t<div class=\"elementor-widget-container\">\n\t\t\t<div class=\"ekit-wid-con\" >\n            <div class=\"elementskit-info-image-box ekit-image-box text-left simple-card\" >\n\n                <a >\n                <div class=\"elementskit-box-header image-box-img-left\">\n\n                    <img loading=\"lazy\" decoding=\"async\" width=\"300\" height=\"300\" src=\"https:\/\/2hrinter.com\/wp-content\/uploads\/2021\/05\/Pictos_960x960_2-300x300.png\" class=\"attachment-medium size-medium\" alt=\"\" srcset=\"https:\/\/2hrinter.com\/wp-content\/uploads\/2021\/05\/Pictos_960x960_2-300x300.png 300w, https:\/\/2hrinter.com\/wp-content\/uploads\/2021\/05\/Pictos_960x960_2-150x150.png 150w, https:\/\/2hrinter.com\/wp-content\/uploads\/2021\/05\/Pictos_960x960_2-768x768.png 768w, https:\/\/2hrinter.com\/wp-content\/uploads\/2021\/05\/Pictos_960x960_2.png 960w\" sizes=\"auto, (max-width: 300px) 100vw, 300px\" \/>\n                <\/div>\n                <\/a>\n                <div class=\"elementskit-box-body ekit-image-box-body\">\n                    <div class=\"elementskit-box-content ekit-image-box-body-inner\">\n                                                <h3 class=\"elementskit-info-box-title\">\n\n                        \n                        <a >La Planification <\/a>\n                        \n                    <\/h3>\n                                                        <\/div>\n\n                                <div class=\"elementskit-box-footer\">\n                    <div class=\"box-footer\">\n                        <div class=\"btn-wraper\">\n                                                            <a href=\"#\" class=\"elementskit-btn whitespace--normal\">\n                                    En savoir plus\n                                    <i aria-hidden=\"true\" class=\"icon icon-right-arrow\"><\/i>\n                                <\/a>\n                                                        <\/div>\n                    <\/div>\n                <\/div>\n                            <\/div>\n            <\/div>\n        <\/div>\t\t<\/div>\n\t\t\t\t<\/div>\n\t\t\t\t\t<\/div>\n\t\t<\/div>\n\t\t\t\t<div class=\"elementor-column elementor-col-33 elementor-top-column elementor-element elementor-element-11c2c152\" data-id=\"11c2c152\" data-element_type=\"column\">\n\t\t\t<div class=\"elementor-widget-wrap elementor-element-populated\">\n\t\t\t\t\t\t\t\t<div class=\"elementor-element elementor-element-586c5524 ekit-equal-height-disable elementor-widget elementor-widget-elementskit-image-box\" data-id=\"586c5524\" data-element_type=\"widget\" data-widget_type=\"elementskit-image-box.default\">\n\t\t\t\t<div class=\"elementor-widget-container\">\n\t\t\t<div class=\"ekit-wid-con\" >\n            <div class=\"elementskit-info-image-box ekit-image-box text-left simple-card\" >\n\n                <a >\n                <div class=\"elementskit-box-header image-box-img-left\">\n\n                    <img loading=\"lazy\" decoding=\"async\" width=\"300\" height=\"281\" src=\"https:\/\/2hrinter.com\/wp-content\/uploads\/2021\/07\/lappui-conseils-300x281.jpg\" class=\"attachment-medium size-medium\" alt=\"\" srcset=\"https:\/\/2hrinter.com\/wp-content\/uploads\/2021\/07\/lappui-conseils-300x281.jpg 300w, https:\/\/2hrinter.com\/wp-content\/uploads\/2021\/07\/lappui-conseils-1024x961.jpg 1024w, https:\/\/2hrinter.com\/wp-content\/uploads\/2021\/07\/lappui-conseils-768x721.jpg 768w, https:\/\/2hrinter.com\/wp-content\/uploads\/2021\/07\/lappui-conseils.jpg 1101w\" sizes=\"auto, (max-width: 300px) 100vw, 300px\" \/>\n                <\/div>\n                <\/a>\n                <div class=\"elementskit-box-body ekit-image-box-body\">\n                    <div class=\"elementskit-box-content ekit-image-box-body-inner\">\n                                                <h3 class=\"elementskit-info-box-title\">\n\n                        \n                        <a >La Maitrise d&#039;oeuvre  <\/a>\n                        \n                    <\/h3>\n                                                        <\/div>\n\n                                <div class=\"elementskit-box-footer\">\n                    <div class=\"box-footer\">\n                        <div class=\"btn-wraper\">\n                                                            <a href=\"#\" class=\"elementskit-btn whitespace--normal\">\n                                    En savoir plus\n                                    <i aria-hidden=\"true\" class=\"icon icon-right-arrow\"><\/i>\n                                <\/a>\n                                                        <\/div>\n                    <\/div>\n                <\/div>\n                            <\/div>\n            <\/div>\n        <\/div>\t\t<\/div>\n\t\t\t\t<\/div>\n\t\t\t\t\t<\/div>\n\t\t<\/div>\n\t\t\t\t<div class=\"elementor-column elementor-col-33 elementor-top-column elementor-element elementor-element-30b1369a\" data-id=\"30b1369a\" data-element_type=\"column\">\n\t\t\t<div class=\"elementor-widget-wrap elementor-element-populated\">\n\t\t\t\t\t\t\t\t<div class=\"elementor-element elementor-element-3a765cc9 ekit-equal-height-disable elementor-widget elementor-widget-elementskit-image-box\" data-id=\"3a765cc9\" data-element_type=\"widget\" data-widget_type=\"elementskit-image-box.default\">\n\t\t\t\t<div class=\"elementor-widget-container\">\n\t\t\t<div class=\"ekit-wid-con\" >\n            <div class=\"elementskit-info-image-box ekit-image-box text-left simple-card\" >\n\n                <a >\n                <div class=\"elementskit-box-header image-box-img-left\">\n\n                    <img loading=\"lazy\" decoding=\"async\" width=\"300\" height=\"300\" src=\"https:\/\/2hrinter.com\/wp-content\/uploads\/2021\/05\/evaluation-2hr-300x300.png\" class=\"attachment-medium size-medium\" alt=\"\" srcset=\"https:\/\/2hrinter.com\/wp-content\/uploads\/2021\/05\/evaluation-2hr-300x300.png 300w, https:\/\/2hrinter.com\/wp-content\/uploads\/2021\/05\/evaluation-2hr-150x150.png 150w, https:\/\/2hrinter.com\/wp-content\/uploads\/2021\/05\/evaluation-2hr-768x768.png 768w, https:\/\/2hrinter.com\/wp-content\/uploads\/2021\/05\/evaluation-2hr.png 960w\" sizes=\"auto, (max-width: 300px) 100vw, 300px\" \/>\n                <\/div>\n                <\/a>\n                <div class=\"elementskit-box-body ekit-image-box-body\">\n                    <div class=\"elementskit-box-content ekit-image-box-body-inner\">\n                                                <h3 class=\"elementskit-info-box-title\">\n\n                        \n                        <a >L\u2019Evaluation de programmes de d\u00e9veloppement <\/a>\n                        \n                    <\/h3>\n                                                        <\/div>\n\n                                <div class=\"elementskit-box-footer\">\n                    <div class=\"box-footer\">\n                        <div class=\"btn-wraper\">\n                                                            <a href=\"#\" class=\"elementskit-btn whitespace--normal\">\n                                    En savoir plus\n                                    <i aria-hidden=\"true\" class=\"icon icon-right-arrow\"><\/i>\n                                <\/a>\n                                                        <\/div>\n                    <\/div>\n                <\/div>\n                            <\/div>\n            <\/div>\n        <\/div>\t\t<\/div>\n\t\t\t\t<\/div>\n\t\t\t\t<div class=\"elementor-element elementor-element-39db5447 elementor-widget__width-initial elementor-absolute elementor-widget-tablet__width-initial elementor-widget-mobile__width-initial elementor-widget elementor-widget-image\" data-id=\"39db5447\" data-element_type=\"widget\" data-settings=\"{&quot;_position&quot;:&quot;absolute&quot;}\" data-widget_type=\"image.default\">\n\t\t\t\t<div class=\"elementor-widget-container\">\n\t\t\t\t\t\t\t\t\t\t\t\t\t\t\t<img decoding=\"async\" src=\"https:\/\/2hrinter.com\/wp-content\/uploads\/2021\/05\/11-11.png\" class=\"elementor-animation-bob attachment-full size-full\" alt=\"\" \/>\t\t\t\t\t\t\t\t\t\t\t\t\t\t\t<\/div>\n\t\t\t\t<\/div>\n\t\t\t\t\t<\/div>\n\t\t<\/div>\n\t\t\t\t\t\t\t<\/div>\n\t\t<\/section>\n\t\t\t\t<section class=\"elementor-section elementor-top-section elementor-element elementor-element-324e22b4 elementor-section-boxed elementor-section-height-default elementor-section-height-default\" data-id=\"324e22b4\" data-element_type=\"section\">\n\t\t\t\t\t\t<div class=\"elementor-container elementor-column-gap-default\">\n\t\t\t\t\t<div class=\"elementor-column elementor-col-33 elementor-top-column elementor-element elementor-element-8dc6b8e\" data-id=\"8dc6b8e\" data-element_type=\"column\">\n\t\t\t<div class=\"elementor-widget-wrap elementor-element-populated\">\n\t\t\t\t\t\t\t\t<div class=\"elementor-element elementor-element-3f8a878e ekit-equal-height-disable elementor-widget elementor-widget-elementskit-image-box\" data-id=\"3f8a878e\" data-element_type=\"widget\" data-widget_type=\"elementskit-image-box.default\">\n\t\t\t\t<div class=\"elementor-widget-container\">\n\t\t\t<div class=\"ekit-wid-con\" >\n            <div class=\"elementskit-info-image-box ekit-image-box text-left simple-card\" >\n\n                <a >\n                <div class=\"elementskit-box-header image-box-img-left\">\n\n                    <img loading=\"lazy\" decoding=\"async\" width=\"1156\" height=\"957\" src=\"https:\/\/2hrinter.com\/wp-content\/uploads\/2021\/07\/maitrise-2hr.jpg\" class=\"attachment-full size-full\" alt=\"\" srcset=\"https:\/\/2hrinter.com\/wp-content\/uploads\/2021\/07\/maitrise-2hr.jpg 1156w, https:\/\/2hrinter.com\/wp-content\/uploads\/2021\/07\/maitrise-2hr-300x248.jpg 300w, https:\/\/2hrinter.com\/wp-content\/uploads\/2021\/07\/maitrise-2hr-1024x848.jpg 1024w, https:\/\/2hrinter.com\/wp-content\/uploads\/2021\/07\/maitrise-2hr-768x636.jpg 768w\" sizes=\"auto, (max-width: 1156px) 100vw, 1156px\" \/>\n                <\/div>\n                <\/a>\n                <div class=\"elementskit-box-body ekit-image-box-body\">\n                    <div class=\"elementskit-box-content ekit-image-box-body-inner\">\n                                                <h3 class=\"elementskit-info-box-title\">\n\n                        \n                        <a >L\u2019Appui-conseils <\/a>\n                        \n                    <\/h3>\n                                                        <\/div>\n\n                                <div class=\"elementskit-box-footer\">\n                    <div class=\"box-footer\">\n                        <div class=\"btn-wraper\">\n                                                            <a href=\"#\" class=\"elementskit-btn whitespace--normal\">\n                                    En savoir plus\n                                    <i aria-hidden=\"true\" class=\"icon icon-right-arrow\"><\/i>\n                                <\/a>\n                                                        <\/div>\n                    <\/div>\n                <\/div>\n                            <\/div>\n            <\/div>\n        <\/div>\t\t<\/div>\n\t\t\t\t<\/div>\n\t\t\t\t\t<\/div>\n\t\t<\/div>\n\t\t\t\t<div class=\"elementor-column elementor-col-33 elementor-top-column elementor-element elementor-element-d09f2b5\" data-id=\"d09f2b5\" data-element_type=\"column\">\n\t\t\t<div class=\"elementor-widget-wrap elementor-element-populated\">\n\t\t\t\t\t\t\t\t<div class=\"elementor-element elementor-element-374dae3 ekit-equal-height-disable elementor-widget elementor-widget-elementskit-image-box\" data-id=\"374dae3\" data-element_type=\"widget\" data-widget_type=\"elementskit-image-box.default\">\n\t\t\t\t<div class=\"elementor-widget-container\">\n\t\t\t<div class=\"ekit-wid-con\" >\n            <div class=\"elementskit-info-image-box ekit-image-box text-left simple-card\" >\n\n                <a >\n                <div class=\"elementskit-box-header image-box-img-left\">\n\n                    <img loading=\"lazy\" decoding=\"async\" width=\"300\" height=\"300\" src=\"https:\/\/2hrinter.com\/wp-content\/uploads\/2021\/05\/formations2hr-300x300.jpg\" class=\"attachment-medium size-medium\" alt=\"\" srcset=\"https:\/\/2hrinter.com\/wp-content\/uploads\/2021\/05\/formations2hr-300x300.jpg 300w, https:\/\/2hrinter.com\/wp-content\/uploads\/2021\/05\/formations2hr-150x150.jpg 150w, https:\/\/2hrinter.com\/wp-content\/uploads\/2021\/05\/formations2hr-768x768.jpg 768w, https:\/\/2hrinter.com\/wp-content\/uploads\/2021\/05\/formations2hr.jpg 960w\" sizes=\"auto, (max-width: 300px) 100vw, 300px\" \/>\n                <\/div>\n                <\/a>\n                <div class=\"elementskit-box-body ekit-image-box-body\">\n                    <div class=\"elementskit-box-content ekit-image-box-body-inner\">\n                                                <h3 class=\"elementskit-info-box-title\">\n\n                        \n                        <a >Les Formations, Etudes et Recherches <\/a>\n                        \n                    <\/h3>\n                                                            <div class=\"elementskit-box-style-content\">\n                        \n                    <\/div>\n                                    <\/div>\n\n                                <div class=\"elementskit-box-footer\">\n                    <div class=\"box-footer\">\n                        <div class=\"btn-wraper\">\n                                                            <a href=\"#\" class=\"elementskit-btn whitespace--normal\">\n                                    En savoir plus\n                                    <i aria-hidden=\"true\" class=\"icon icon-right-arrow\"><\/i>\n                                <\/a>\n                                                        <\/div>\n                    <\/div>\n                <\/div>\n                            <\/div>\n            <\/div>\n        <\/div>\t\t<\/div>\n\t\t\t\t<\/div>\n\t\t\t\t\t<\/div>\n\t\t<\/div>\n\t\t\t\t<div class=\"elementor-column elementor-col-33 elementor-top-column elementor-element elementor-element-c32a919\" data-id=\"c32a919\" data-element_type=\"column\">\n\t\t\t<div class=\"elementor-widget-wrap\">\n\t\t\t\t\t\t\t\t\t<\/div>\n\t\t<\/div>\n\t\t\t\t\t\t\t<\/div>\n\t\t<\/section>\n\t\t\t\t\t\t<\/div>\n\t\t\t\t\t<\/div>\n\t\t","protected":false},"excerpt":{"rendered":"<p>PARLONS METIERS Construite Autour De Notre \u2018\u2019C\u0153ur D\u2019expertise\u2019\u2019 Qui Est La Gestion Des Ressources Humaines, 2HR Est Fort D\u2019un R\u00e9seau De Sp\u00e9cialistes De Diff\u00e9rents M\u00e9tiers La Planification En savoir plus La Maitrise d&#039;oeuvre En savoir plus L\u2019Evaluation de programmes de d\u00e9veloppement En savoir plus L\u2019Appui-conseils En savoir plus Les Formations, Etudes et Recherches En savoir [&hellip;]<\/p>\n","protected":false},"author":1,"featured_media":0,"parent":0,"menu_order":0,"comment_status":"closed","ping_status":"closed","template":"elementor_header_footer","meta":{"footnotes":""},"class_list":["post-213","page","type-page","status-publish","hentry"],"_links":{"self":[{"href":"https:\/\/2hrinter.com\/index.php?rest_route=\/wp\/v2\/pages\/213","targetHints":{"allow":["GET"]}}],"collection":[{"href":"https:\/\/2hrinter.com\/index.php?rest_route=\/wp\/v2\/pages"}],"about":[{"href":"https:\/\/2hrinter.com\/index.php?rest_route=\/wp\/v2\/types\/page"}],"author":[{"embeddable":true,"href":"https:\/\/2hrinter.com\/index.php?rest_route=\/wp\/v2\/users\/1"}],"replies":[{"embeddable":true,"href":"https:\/\/2hrinter.com\/index.php?rest_route=%2Fwp%2Fv2%2Fcomments&post=213"}],"version-history":[{"count":14,"href":"https:\/\/2hrinter.com\/index.php?rest_route=\/wp\/v2\/pages\/213\/revisions"}],"predecessor-version":[{"id":331,"href":"https:\/\/2hrinter.com\/index.php?rest_route=\/wp\/v2\/pages\/213\/revisions\/331"}],"wp:attachment":[{"href":"https:\/\/2hrinter.com\/index.php?rest_route=%2Fwp%2Fv2%2Fmedia&parent=213"}],"curies":[{"name":"wp","href":"https:\/\/api.w.org\/{rel}","templated":true}]}}